{"id":142,"date":"2011-08-18T12:08:43","date_gmt":"2011-08-18T10:08:43","guid":{"rendered":"http:\/\/www.multi-net.ch\/?page_id=142"},"modified":"2021-03-03T19:54:04","modified_gmt":"2021-03-03T18:54:04","slug":"site-web","status":"publish","type":"page","link":"https:\/\/www.multi-net.ch\/?page_id=142","title":{"rendered":"Sites web"},"content":{"rendered":"<p>Vous trouverez sur cette page les liens des sites web r\u00e9alis\u00e9s par mes soins.<\/p>\n\n\n<div class=\"wp-block-media-text alignwide is-stacked-on-mobile is-vertically-aligned-center\"><figure class=\"wp-block-media-text__media\"><img loading=\"lazy\" decoding=\"async\" width=\"200\" height=\"125\" src=\"https:\/\/www.multi-net.ch\/wp-content\/uploads\/2011\/08\/garage_beney-1.png\" alt=\"\" class=\"wp-image-353 size-full\"\/><\/figure><div class=\"wp-block-media-text__content\">\n<p class=\"has-medium-font-size\"><strong><strong>Garage G.-D. Beney SA<\/strong><\/strong><\/p>\n\n\n\n<p><a href=\"http:\/\/www.garagebeney.ch\/\" data-type=\"URL\" data-id=\"http:\/\/www.garagebeney.ch\/\" target=\"_blank\" rel=\"noreferrer noopener\">http:\/\/www.garagebeney.ch<\/a><\/p>\n\n\n\n<p><em><em>Garage<\/em><\/em><\/p>\n<\/div><\/div>\n\n\n\n<hr class=\"wp-block-separator\"\/>\n\n\n\n<div class=\"wp-block-media-text alignwide is-stacked-on-mobile is-vertically-aligned-center\"><figure class=\"wp-block-media-text__media\"><img loading=\"lazy\" decoding=\"async\" width=\"200\" height=\"125\" src=\"https:\/\/www.multi-net.ch\/wp-content\/uploads\/2011\/08\/davidpaysage.png\" alt=\"\" class=\"wp-image-170 size-full\"\/><\/figure><div class=\"wp-block-media-text__content\">\n<p class=\"has-medium-font-size\"><strong><strong>David Paysage<\/strong><\/strong><\/p>\n\n\n\n<p><a href=\"http:\/\/davidpaysage.ch\" target=\"_blank\" rel=\"noreferrer noopener\">http:\/\/davidpaysage.ch<\/a><\/p>\n\n\n\n<p><em><em>Paysagiste<\/em><\/em><\/p>\n<\/div><\/div>\n\n\n\n<hr class=\"wp-block-separator\"\/>\n\n\n\n<div class=\"wp-block-media-text alignwide is-stacked-on-mobile is-vertically-aligned-center\"><figure class=\"wp-block-media-text__media\"><img loading=\"lazy\" decoding=\"async\" width=\"200\" height=\"125\" src=\"https:\/\/www.multi-net.ch\/wp-content\/uploads\/2011\/08\/foodanalysis.png\" alt=\"\" class=\"wp-image-279 size-full\"\/><\/figure><div class=\"wp-block-media-text__content\">\n<p class=\"has-medium-font-size\"><strong>Food Analysis S\u00e0rl<\/strong><\/p>\n\n\n\n<p><a href=\"http:\/\/foodanalysis.ch\/\" target=\"_blank\" rel=\"noreferrer noopener\">http:\/\/foodanalysis.ch\/<\/a><\/p>\n\n\n\n<p><em>Flavour and Fragrance Database<\/em><\/p>\n<\/div><\/div>\n\n\n\n<hr class=\"wp-block-separator\"\/>\n\n\n\n<p>N&rsquo;h\u00e9sitez pas \u00e0 me contactez pour r\u00e9aliser un de vos futurs projets !<\/p>\n<!--CusAds0-->\n<div style=\"font-size: 0px; height: 0px; line-height: 0px; margin: 0; padding: 0; clear: both;\"><\/div>","protected":false},"excerpt":{"rendered":"<p>Vous trouverez sur cette page les liens des sites web r\u00e9alis\u00e9s par mes soins. Garage G.-D. Beney SA http:\/\/www.garagebeney.ch Garage David Paysage http:\/\/davidpaysage.ch Paysagiste Food Analysis S\u00e0rl http:\/\/foodanalysis.ch\/ Flavour and Fragrance Database N&rsquo;h\u00e9sitez pas \u00e0 me contactez pour r\u00e9aliser un &hellip; <a href=\"https:\/\/www.multi-net.ch\/?page_id=142\">Continuer la lecture <span class=\"meta-nav\">&rarr;<\/span><\/a><\/p>\n","protected":false},"author":1,"featured_media":0,"parent":0,"menu_order":0,"comment_status":"closed","ping_status":"open","template":"","meta":{"footnotes":""},"class_list":["post-142","page","type-page","status-publish","hentry"],"_links":{"self":[{"href":"https:\/\/www.multi-net.ch\/index.php?rest_route=\/wp\/v2\/pages\/142","targetHints":{"allow":["GET"]}}],"collection":[{"href":"https:\/\/www.multi-net.ch\/index.php?rest_route=\/wp\/v2\/pages"}],"about":[{"href":"https:\/\/www.multi-net.ch\/index.php?rest_route=\/wp\/v2\/types\/page"}],"author":[{"embeddable":true,"href":"https:\/\/www.multi-net.ch\/index.php?rest_route=\/wp\/v2\/users\/1"}],"replies":[{"embeddable":true,"href":"https:\/\/www.multi-net.ch\/index.php?rest_route=%2Fwp%2Fv2%2Fcomments&post=142"}],"version-history":[{"count":48,"href":"https:\/\/www.multi-net.ch\/index.php?rest_route=\/wp\/v2\/pages\/142\/revisions"}],"predecessor-version":[{"id":561,"href":"https:\/\/www.multi-net.ch\/index.php?rest_route=\/wp\/v2\/pages\/142\/revisions\/561"}],"wp:attachment":[{"href":"https:\/\/www.multi-net.ch\/index.php?rest_route=%2Fwp%2Fv2%2Fmedia&parent=142"}],"curies":[{"name":"wp","href":"https:\/\/api.w.org\/{rel}","templated":true}]}}