{"id":187,"date":"2011-08-18T14:14:38","date_gmt":"2011-08-18T12:14:38","guid":{"rendered":"http:\/\/www.multi-net.ch\/?page_id=187"},"modified":"2021-03-04T09:20:51","modified_gmt":"2021-03-04T08:20:51","slug":"mobile-browser-simulator","status":"publish","type":"page","link":"https:\/\/www.multi-net.ch\/?page_id=187","title":{"rendered":"Mobile Browser Simulateur"},"content":{"rendered":"<p>Le programme Mobile Browser Simulateur est un petit utilitaire qui permet de simuler la taille d&rsquo;un navigateur mobile du type Android, Iphone et ainsi de pouvoir voir simplement l&rsquo;apparence d&rsquo;un site web avec ces mobiles.<\/p>\n<p>&nbsp;<\/p>\n<p><a title=\"T\u00e9l\u00e9charger le programme\" href=\"http:\/\/multi-net.ch\/programme\/mobile%20browser%20simulateur\/mobile%20browser%20simulateur.zip\">T\u00e9l\u00e9charger le programme<\/a><\/p>\n<p><a title=\"T\u00e9l\u00e9charger la source du programme\" href=\"http:\/\/multi-net.ch\/programme\/mobile%20browser%20simulateur\/mobile%20browser%20simulateur_source.zip\" target=\"_blank\" rel=\"noopener\">T\u00e9l\u00e9charger la source du programme<\/a><\/p>\n<p>&nbsp;<\/p>\n<p>Capture d&rsquo;\u00e9cran du programme :<\/p>\n<p><a href=\"https:\/\/www.multi-net.ch\/wp-content\/uploads\/2011\/08\/mobile-browser-simulateur-capture.png\"><img loading=\"lazy\" decoding=\"async\" class=\"aligncenter size-full wp-image-188\" title=\"mobile browser simulateur capture\" src=\"https:\/\/www.multi-net.ch\/wp-content\/uploads\/2011\/08\/mobile-browser-simulateur-capture.png\" alt=\"\" width=\"648\" height=\"601\" srcset=\"https:\/\/www.multi-net.ch\/wp-content\/uploads\/2011\/08\/mobile-browser-simulateur-capture.png 648w, https:\/\/www.multi-net.ch\/wp-content\/uploads\/2011\/08\/mobile-browser-simulateur-capture-300x278.png 300w, https:\/\/www.multi-net.ch\/wp-content\/uploads\/2011\/08\/mobile-browser-simulateur-capture-323x300.png 323w\" sizes=\"auto, (max-width: 648px) 100vw, 648px\" \/><\/a><\/p>\n<!--CusAds0-->\n<div style=\"font-size: 0px; height: 0px; line-height: 0px; margin: 0; padding: 0; clear: both;\"><\/div>","protected":false},"excerpt":{"rendered":"<p>Le programme Mobile Browser Simulateur est un petit utilitaire qui permet de simuler la taille d&rsquo;un navigateur mobile du type Android, Iphone et ainsi de pouvoir voir simplement l&rsquo;apparence d&rsquo;un site web avec ces mobiles. &nbsp; T\u00e9l\u00e9charger le programme T\u00e9l\u00e9charger &hellip; <a href=\"https:\/\/www.multi-net.ch\/?page_id=187\">Continuer la lecture <span class=\"meta-nav\">&rarr;<\/span><\/a><\/p>\n","protected":false},"author":1,"featured_media":0,"parent":0,"menu_order":0,"comment_status":"closed","ping_status":"open","template":"","meta":{"footnotes":""},"class_list":["post-187","page","type-page","status-publish","hentry"],"_links":{"self":[{"href":"https:\/\/www.multi-net.ch\/index.php?rest_route=\/wp\/v2\/pages\/187","targetHints":{"allow":["GET"]}}],"collection":[{"href":"https:\/\/www.multi-net.ch\/index.php?rest_route=\/wp\/v2\/pages"}],"about":[{"href":"https:\/\/www.multi-net.ch\/index.php?rest_route=\/wp\/v2\/types\/page"}],"author":[{"embeddable":true,"href":"https:\/\/www.multi-net.ch\/index.php?rest_route=\/wp\/v2\/users\/1"}],"replies":[{"embeddable":true,"href":"https:\/\/www.multi-net.ch\/index.php?rest_route=%2Fwp%2Fv2%2Fcomments&post=187"}],"version-history":[{"count":8,"href":"https:\/\/www.multi-net.ch\/index.php?rest_route=\/wp\/v2\/pages\/187\/revisions"}],"predecessor-version":[{"id":573,"href":"https:\/\/www.multi-net.ch\/index.php?rest_route=\/wp\/v2\/pages\/187\/revisions\/573"}],"wp:attachment":[{"href":"https:\/\/www.multi-net.ch\/index.php?rest_route=%2Fwp%2Fv2%2Fmedia&parent=187"}],"curies":[{"name":"wp","href":"https:\/\/api.w.org\/{rel}","templated":true}]}}