{"id":2,"date":"2011-08-16T09:21:36","date_gmt":"2011-08-16T09:21:36","guid":{"rendered":"http:\/\/www.multi-net.ch\/?page_id=2"},"modified":"2021-03-04T12:59:02","modified_gmt":"2021-03-04T11:59:02","slug":"page-d-exemple","status":"publish","type":"page","link":"https:\/\/www.multi-net.ch\/?page_id=2","title":{"rendered":"Cr\u00e9ations"},"content":{"rendered":"<p>Voici quelques cr\u00e9ations que j&rsquo;ai r\u00e9alis\u00e9es.<\/p>\n\n\n<p>Certains programmes datent et ne sont plus vraiment utiles, suite aux am\u00e9liorations de Windows 10. <\/p>\n\n\n\n<p>Je laisse ces programmes afin qu&rsquo;ils puissent servir certain comme exemple.<\/p>\n<!--CusAds0-->\n<div style=\"font-size: 0px; height: 0px; line-height: 0px; margin: 0; padding: 0; clear: both;\"><\/div>","protected":false},"excerpt":{"rendered":"<p>Voici quelques cr\u00e9ations que j&rsquo;ai r\u00e9alis\u00e9es. Certains programmes datent et ne sont plus vraiment utiles, suite aux am\u00e9liorations de Windows 10. Je laisse ces programmes afin qu&rsquo;ils puissent servir certain comme exemple.<\/p>\n","protected":false},"author":1,"featured_media":0,"parent":0,"menu_order":0,"comment_status":"closed","ping_status":"closed","template":"","meta":{"footnotes":""},"class_list":["post-2","page","type-page","status-publish","hentry"],"_links":{"self":[{"href":"https:\/\/www.multi-net.ch\/index.php?rest_route=\/wp\/v2\/pages\/2","targetHints":{"allow":["GET"]}}],"collection":[{"href":"https:\/\/www.multi-net.ch\/index.php?rest_route=\/wp\/v2\/pages"}],"about":[{"href":"https:\/\/www.multi-net.ch\/index.php?rest_route=\/wp\/v2\/types\/page"}],"author":[{"embeddable":true,"href":"https:\/\/www.multi-net.ch\/index.php?rest_route=\/wp\/v2\/users\/1"}],"replies":[{"embeddable":true,"href":"https:\/\/www.multi-net.ch\/index.php?rest_route=%2Fwp%2Fv2%2Fcomments&post=2"}],"version-history":[{"count":6,"href":"https:\/\/www.multi-net.ch\/index.php?rest_route=\/wp\/v2\/pages\/2\/revisions"}],"predecessor-version":[{"id":579,"href":"https:\/\/www.multi-net.ch\/index.php?rest_route=\/wp\/v2\/pages\/2\/revisions\/579"}],"wp:attachment":[{"href":"https:\/\/www.multi-net.ch\/index.php?rest_route=%2Fwp%2Fv2%2Fmedia&parent=2"}],"curies":[{"name":"wp","href":"https:\/\/api.w.org\/{rel}","templated":true}]}}