{"id":230,"date":"2011-08-18T15:25:03","date_gmt":"2011-08-18T13:25:03","guid":{"rendered":"http:\/\/www.multi-net.ch\/?page_id=230"},"modified":"2021-03-04T09:22:11","modified_gmt":"2021-03-04T08:22:11","slug":"wake-on-lan","status":"publish","type":"page","link":"https:\/\/www.multi-net.ch\/?page_id=230","title":{"rendered":"WakeOnLan Console"},"content":{"rendered":"<p>WakeOnLan Console est un petit utilitaire qui utilise le standard des r\u00e9seaux Ethernet afin de permettre \u00e0 un ordinateur \u00e9teint d&rsquo;\u00eatre d\u00e9marr\u00e9 \u00e0 distance.<\/p>\n<p>Il permet donc de d\u00e9marrer \u00e0 distance un pc via une console Windows.<\/p>\n<p>&nbsp;<\/p>\n<p><a title=\"WakeOnLan console\" href=\"http:\/\/multi-net.ch\/programme\/Wake%20On%20Lan%20Console\/WakeOnLan%20console.exe\" target=\"_blank\" rel=\"noopener\">T\u00e9l\u00e9charger le programme<\/a><\/p>\n<p><a title=\"T\u00e9l\u00e9charger la source du programme\" href=\"http:\/\/multi-net.ch\/programme\/Wake On Lan Console\/WakeOnLan console.zip\" target=\"_blank\" rel=\"noopener\">T\u00e9l\u00e9charger la source du programme<\/a><\/p>\n<p>&nbsp;<\/p>\n<p>Capture d\u2019\u00e9cran du programme :<\/p>\n<p><a href=\"https:\/\/www.multi-net.ch\/wp-content\/uploads\/2011\/08\/capture_wakeonlan_v0.0.2.png\"><img loading=\"lazy\" decoding=\"async\" class=\"aligncenter wp-image-364 size-full\" title=\"WakeOnLan console\" src=\"https:\/\/www.multi-net.ch\/wp-content\/uploads\/2011\/08\/capture_wakeonlan_v0.0.2.png\" alt=\"\" width=\"843\" height=\"429\" srcset=\"https:\/\/www.multi-net.ch\/wp-content\/uploads\/2011\/08\/capture_wakeonlan_v0.0.2.png 843w, https:\/\/www.multi-net.ch\/wp-content\/uploads\/2011\/08\/capture_wakeonlan_v0.0.2-300x153.png 300w, https:\/\/www.multi-net.ch\/wp-content\/uploads\/2011\/08\/capture_wakeonlan_v0.0.2-768x391.png 768w, https:\/\/www.multi-net.ch\/wp-content\/uploads\/2011\/08\/capture_wakeonlan_v0.0.2-500x254.png 500w\" sizes=\"auto, (max-width: 843px) 100vw, 843px\" \/><\/a><\/p>\n<!--CusAds0-->\n<div style=\"font-size: 0px; height: 0px; line-height: 0px; margin: 0; padding: 0; clear: both;\"><\/div>","protected":false},"excerpt":{"rendered":"<p>WakeOnLan Console est un petit utilitaire qui utilise le standard des r\u00e9seaux Ethernet afin de permettre \u00e0 un ordinateur \u00e9teint d&rsquo;\u00eatre d\u00e9marr\u00e9 \u00e0 distance. Il permet donc de d\u00e9marrer \u00e0 distance un pc via une console Windows. &nbsp; T\u00e9l\u00e9charger le &hellip; <a href=\"https:\/\/www.multi-net.ch\/?page_id=230\">Continuer la lecture <span class=\"meta-nav\">&rarr;<\/span><\/a><\/p>\n","protected":false},"author":1,"featured_media":0,"parent":0,"menu_order":0,"comment_status":"closed","ping_status":"open","template":"","meta":{"footnotes":""},"class_list":["post-230","page","type-page","status-publish","hentry"],"_links":{"self":[{"href":"https:\/\/www.multi-net.ch\/index.php?rest_route=\/wp\/v2\/pages\/230","targetHints":{"allow":["GET"]}}],"collection":[{"href":"https:\/\/www.multi-net.ch\/index.php?rest_route=\/wp\/v2\/pages"}],"about":[{"href":"https:\/\/www.multi-net.ch\/index.php?rest_route=\/wp\/v2\/types\/page"}],"author":[{"embeddable":true,"href":"https:\/\/www.multi-net.ch\/index.php?rest_route=\/wp\/v2\/users\/1"}],"replies":[{"embeddable":true,"href":"https:\/\/www.multi-net.ch\/index.php?rest_route=%2Fwp%2Fv2%2Fcomments&post=230"}],"version-history":[{"count":10,"href":"https:\/\/www.multi-net.ch\/index.php?rest_route=\/wp\/v2\/pages\/230\/revisions"}],"predecessor-version":[{"id":576,"href":"https:\/\/www.multi-net.ch\/index.php?rest_route=\/wp\/v2\/pages\/230\/revisions\/576"}],"wp:attachment":[{"href":"https:\/\/www.multi-net.ch\/index.php?rest_route=%2Fwp%2Fv2%2Fmedia&parent=230"}],"curies":[{"name":"wp","href":"https:\/\/api.w.org\/{rel}","templated":true}]}}