{"id":234,"date":"2011-08-18T15:26:21","date_gmt":"2011-08-18T13:26:21","guid":{"rendered":"http:\/\/www.multi-net.ch\/?page_id=234"},"modified":"2021-03-04T09:21:22","modified_gmt":"2021-03-04T08:21:22","slug":"rdwe","status":"publish","type":"page","link":"https:\/\/www.multi-net.ch\/?page_id=234","title":{"rendered":"RdWE"},"content":{"rendered":"<p>Le programme RdWE&nbsp;(Restaurer documents Word &amp; Excel) est un petit utilitaire qui permet de r\u00e9cup\u00e9rer rapidement les sauvegardes automatiques des documents Microsoft Word &amp; Excel.<\/p>\n<p>&nbsp;<\/p>\n<p><a title=\"T\u00e9l\u00e9charger le programme\" href=\"http:\/\/multi-net.ch\/programme\/rdwe\/rdwe.zip\">T\u00e9l\u00e9charger le programme<\/a><\/p>\n<p><a title=\"T\u00e9l\u00e9charger la source du programme\" href=\"http:\/\/multi-net.ch\/programme\/rdwe\/rdwe.au3\" target=\"_blank\" rel=\"noopener\">T\u00e9l\u00e9charger la source du programme<\/a><\/p>\n<p>&nbsp;<\/p>\n<p>Capture d&rsquo;\u00e9cran du programme :<\/p>\n<p><a href=\"https:\/\/www.multi-net.ch\/wp-content\/uploads\/2011\/08\/rdwe_capture_1.png\"><img loading=\"lazy\" decoding=\"async\" class=\"aligncenter size-full wp-image-244\" title=\"rdwe_capture_1\" src=\"https:\/\/www.multi-net.ch\/wp-content\/uploads\/2011\/08\/rdwe_capture_1.png\" alt=\"\" width=\"485\" height=\"255\" srcset=\"https:\/\/www.multi-net.ch\/wp-content\/uploads\/2011\/08\/rdwe_capture_1.png 485w, https:\/\/www.multi-net.ch\/wp-content\/uploads\/2011\/08\/rdwe_capture_1-300x157.png 300w\" sizes=\"auto, (max-width: 485px) 100vw, 485px\" \/><\/a><\/p>\n<p>&nbsp;<\/p>\n<!--CusAds0-->\n<div style=\"font-size: 0px; height: 0px; line-height: 0px; margin: 0; padding: 0; clear: both;\"><\/div>","protected":false},"excerpt":{"rendered":"<p>Le programme RdWE&nbsp;(Restaurer documents Word &amp; Excel) est un petit utilitaire qui permet de r\u00e9cup\u00e9rer rapidement les sauvegardes automatiques des documents Microsoft Word &amp; Excel. &nbsp; T\u00e9l\u00e9charger le programme T\u00e9l\u00e9charger la source du programme &nbsp; Capture d&rsquo;\u00e9cran du programme : &hellip; <a href=\"https:\/\/www.multi-net.ch\/?page_id=234\">Continuer la lecture <span class=\"meta-nav\">&rarr;<\/span><\/a><\/p>\n","protected":false},"author":1,"featured_media":0,"parent":0,"menu_order":0,"comment_status":"closed","ping_status":"open","template":"","meta":{"footnotes":""},"class_list":["post-234","page","type-page","status-publish","hentry"],"_links":{"self":[{"href":"https:\/\/www.multi-net.ch\/index.php?rest_route=\/wp\/v2\/pages\/234","targetHints":{"allow":["GET"]}}],"collection":[{"href":"https:\/\/www.multi-net.ch\/index.php?rest_route=\/wp\/v2\/pages"}],"about":[{"href":"https:\/\/www.multi-net.ch\/index.php?rest_route=\/wp\/v2\/types\/page"}],"author":[{"embeddable":true,"href":"https:\/\/www.multi-net.ch\/index.php?rest_route=\/wp\/v2\/users\/1"}],"replies":[{"embeddable":true,"href":"https:\/\/www.multi-net.ch\/index.php?rest_route=%2Fwp%2Fv2%2Fcomments&post=234"}],"version-history":[{"count":7,"href":"https:\/\/www.multi-net.ch\/index.php?rest_route=\/wp\/v2\/pages\/234\/revisions"}],"predecessor-version":[{"id":574,"href":"https:\/\/www.multi-net.ch\/index.php?rest_route=\/wp\/v2\/pages\/234\/revisions\/574"}],"wp:attachment":[{"href":"https:\/\/www.multi-net.ch\/index.php?rest_route=%2Fwp%2Fv2%2Fmedia&parent=234"}],"curies":[{"name":"wp","href":"https:\/\/api.w.org\/{rel}","templated":true}]}}