{"id":267,"date":"2011-08-18T16:48:32","date_gmt":"2011-08-18T14:48:32","guid":{"rendered":"http:\/\/www.multi-net.ch\/?page_id=267"},"modified":"2021-03-04T09:21:43","modified_gmt":"2021-03-04T08:21:43","slug":"recherche-et-remplace","status":"publish","type":"page","link":"https:\/\/www.multi-net.ch\/?page_id=267","title":{"rendered":"Recherche et remplace"},"content":{"rendered":"<p>Voici un programme qui&nbsp;recherche et remplace une&nbsp;cha\u00eene&nbsp;de caract\u00e8re dans un dossier choisi, en effet cela peut \u00eatre utile lorsque l&rsquo;on veut renommer la m\u00eame&nbsp;cha\u00eene&nbsp;de caract\u00e8re d&rsquo;un th\u00e8me WordPress par exemple.<\/p>\n<p><a title=\"T\u00e9l\u00e9charger le programme\" href=\"http:\/\/multi-net.ch\/programme\/Recherche_et_Remplace\/Recherche et remplace chaine dans dossier.exe\" target=\"_blank\" rel=\"noopener\">T\u00e9l\u00e9charger le programme<\/a><\/p>\n<p><a title=\"T\u00e9l\u00e9charger la source du programme\" href=\"http:\/\/multi-net.ch\/programme\/Recherche_et_Remplace\/Recherche et remplace chaine dans dossier.au3\" target=\"_blank\" rel=\"noopener\">T\u00e9l\u00e9charger la source du programme<\/a><\/p>\n<p>&nbsp;<\/p>\n<p>&nbsp;<\/p>\n<p>Capture d\u2019\u00e9cran du programme :<\/p>\n<p><a href=\"https:\/\/www.multi-net.ch\/wp-content\/uploads\/2011\/08\/Recherche-et-remplace.png\"><img loading=\"lazy\" decoding=\"async\" class=\"aligncenter size-full wp-image-269\" title=\"Recherche et remplace\" src=\"https:\/\/www.multi-net.ch\/wp-content\/uploads\/2011\/08\/Recherche-et-remplace.png\" alt=\"\" width=\"630\" height=\"475\" srcset=\"https:\/\/www.multi-net.ch\/wp-content\/uploads\/2011\/08\/Recherche-et-remplace.png 630w, https:\/\/www.multi-net.ch\/wp-content\/uploads\/2011\/08\/Recherche-et-remplace-300x226.png 300w, https:\/\/www.multi-net.ch\/wp-content\/uploads\/2011\/08\/Recherche-et-remplace-397x300.png 397w\" sizes=\"auto, (max-width: 630px) 100vw, 630px\" \/><\/a><\/p>\n<!--CusAds0-->\n<div style=\"font-size: 0px; height: 0px; line-height: 0px; margin: 0; padding: 0; clear: both;\"><\/div>","protected":false},"excerpt":{"rendered":"<p>Voici un programme qui&nbsp;recherche et remplace une&nbsp;cha\u00eene&nbsp;de caract\u00e8re dans un dossier choisi, en effet cela peut \u00eatre utile lorsque l&rsquo;on veut renommer la m\u00eame&nbsp;cha\u00eene&nbsp;de caract\u00e8re d&rsquo;un th\u00e8me WordPress par exemple. T\u00e9l\u00e9charger le programme T\u00e9l\u00e9charger la source du programme &nbsp; &nbsp; &hellip; <a href=\"https:\/\/www.multi-net.ch\/?page_id=267\">Continuer la lecture <span class=\"meta-nav\">&rarr;<\/span><\/a><\/p>\n","protected":false},"author":1,"featured_media":0,"parent":0,"menu_order":0,"comment_status":"closed","ping_status":"open","template":"","meta":{"footnotes":""},"class_list":["post-267","page","type-page","status-publish","hentry"],"_links":{"self":[{"href":"https:\/\/www.multi-net.ch\/index.php?rest_route=\/wp\/v2\/pages\/267","targetHints":{"allow":["GET"]}}],"collection":[{"href":"https:\/\/www.multi-net.ch\/index.php?rest_route=\/wp\/v2\/pages"}],"about":[{"href":"https:\/\/www.multi-net.ch\/index.php?rest_route=\/wp\/v2\/types\/page"}],"author":[{"embeddable":true,"href":"https:\/\/www.multi-net.ch\/index.php?rest_route=\/wp\/v2\/users\/1"}],"replies":[{"embeddable":true,"href":"https:\/\/www.multi-net.ch\/index.php?rest_route=%2Fwp%2Fv2%2Fcomments&post=267"}],"version-history":[{"count":4,"href":"https:\/\/www.multi-net.ch\/index.php?rest_route=\/wp\/v2\/pages\/267\/revisions"}],"predecessor-version":[{"id":575,"href":"https:\/\/www.multi-net.ch\/index.php?rest_route=\/wp\/v2\/pages\/267\/revisions\/575"}],"wp:attachment":[{"href":"https:\/\/www.multi-net.ch\/index.php?rest_route=%2Fwp%2Fv2%2Fmedia&parent=267"}],"curies":[{"name":"wp","href":"https:\/\/api.w.org\/{rel}","templated":true}]}}