{"id":287,"date":"2011-08-26T09:38:13","date_gmt":"2011-08-26T07:38:13","guid":{"rendered":"http:\/\/www.multi-net.ch\/?page_id=287"},"modified":"2021-03-04T09:16:50","modified_gmt":"2021-03-04T08:16:50","slug":"dechiffrement-automatique-cesar","status":"publish","type":"page","link":"https:\/\/www.multi-net.ch\/?page_id=287","title":{"rendered":"D\u00e9chiffrement automatique C\u00e9sar"},"content":{"rendered":"<p>Voici un programme qui essaie de d\u00e9chiffrer automatique un texte chiffr\u00e9 par le&nbsp;chiffrement par d\u00e9calage, aussi connu comme le&nbsp;chiffre de C\u00e9sar. Il utilise pour cela un dictionnaire, et tente de retrouver les mots du texte dans le dictionnaire pour chaque d\u00e9calage&nbsp;effectu\u00e9.<\/p>\n<p>&nbsp;<\/p>\n<p><a title=\"T\u00e9l\u00e9charger le programme\" href=\"http:\/\/multi-net.ch\/programme\/Dechiffrement automatique\/Dechiffrement automatique Cesar.zip\">T\u00e9l\u00e9charger le programme<\/a><\/p>\n<p><a title=\"T\u00e9l\u00e9charger la source du programme\" href=\"http:\/\/multi-net.ch\/programme\/Dechiffrement%20automatique\/Dechiffrement%20automatique%20Cesar.zip\" target=\"_blank\" rel=\"noopener\">T\u00e9l\u00e9charger la source du programme<\/a><\/p>\n<p>&nbsp;<\/p>\n<p>Capture d\u2019\u00e9cran du programme :<\/p>\n<p><a href=\"https:\/\/www.multi-net.ch\/wp-content\/uploads\/2011\/08\/dechiffrement_automatique.png\"><img loading=\"lazy\" decoding=\"async\" class=\"aligncenter size-full wp-image-288\" title=\"dechiffrement_automatique\" src=\"https:\/\/www.multi-net.ch\/wp-content\/uploads\/2011\/08\/dechiffrement_automatique.png\" alt=\"\" width=\"750\" height=\"417\" srcset=\"https:\/\/www.multi-net.ch\/wp-content\/uploads\/2011\/08\/dechiffrement_automatique.png 750w, https:\/\/www.multi-net.ch\/wp-content\/uploads\/2011\/08\/dechiffrement_automatique-300x166.png 300w, https:\/\/www.multi-net.ch\/wp-content\/uploads\/2011\/08\/dechiffrement_automatique-500x278.png 500w\" sizes=\"auto, (max-width: 750px) 100vw, 750px\" \/><\/a><\/p>\n<!--CusAds0-->\n<div style=\"font-size: 0px; height: 0px; line-height: 0px; margin: 0; padding: 0; clear: both;\"><\/div>","protected":false},"excerpt":{"rendered":"<p>Voici un programme qui essaie de d\u00e9chiffrer automatique un texte chiffr\u00e9 par le&nbsp;chiffrement par d\u00e9calage, aussi connu comme le&nbsp;chiffre de C\u00e9sar. Il utilise pour cela un dictionnaire, et tente de retrouver les mots du texte dans le dictionnaire pour chaque &hellip; <a href=\"https:\/\/www.multi-net.ch\/?page_id=287\">Continuer la lecture <span class=\"meta-nav\">&rarr;<\/span><\/a><\/p>\n","protected":false},"author":1,"featured_media":0,"parent":0,"menu_order":0,"comment_status":"closed","ping_status":"open","template":"","meta":{"footnotes":""},"class_list":["post-287","page","type-page","status-publish","hentry"],"_links":{"self":[{"href":"https:\/\/www.multi-net.ch\/index.php?rest_route=\/wp\/v2\/pages\/287","targetHints":{"allow":["GET"]}}],"collection":[{"href":"https:\/\/www.multi-net.ch\/index.php?rest_route=\/wp\/v2\/pages"}],"about":[{"href":"https:\/\/www.multi-net.ch\/index.php?rest_route=\/wp\/v2\/types\/page"}],"author":[{"embeddable":true,"href":"https:\/\/www.multi-net.ch\/index.php?rest_route=\/wp\/v2\/users\/1"}],"replies":[{"embeddable":true,"href":"https:\/\/www.multi-net.ch\/index.php?rest_route=%2Fwp%2Fv2%2Fcomments&post=287"}],"version-history":[{"count":4,"href":"https:\/\/www.multi-net.ch\/index.php?rest_route=\/wp\/v2\/pages\/287\/revisions"}],"predecessor-version":[{"id":569,"href":"https:\/\/www.multi-net.ch\/index.php?rest_route=\/wp\/v2\/pages\/287\/revisions\/569"}],"wp:attachment":[{"href":"https:\/\/www.multi-net.ch\/index.php?rest_route=%2Fwp%2Fv2%2Fmedia&parent=287"}],"curies":[{"name":"wp","href":"https:\/\/api.w.org\/{rel}","templated":true}]}}