{"id":469,"date":"2021-03-03T13:35:44","date_gmt":"2021-03-03T11:35:44","guid":{"rendered":"http:\/\/www.multi-net.ch\/?page_id=469"},"modified":"2021-06-12T09:11:30","modified_gmt":"2021-06-12T08:11:30","slug":"liste-de-logiciels","status":"publish","type":"page","link":"https:\/\/www.multi-net.ch\/?page_id=469","title":{"rendered":"Liste de logiciels"},"content":{"rendered":"<p>Voici une liste de programmes, qui m\u00e9rite leur attention. Orient\u00e9 open-source, au pire des cas en Freeware. Tri\u00e9e en fonction de leur domaine d&rsquo;application.<\/p>\n\n\n<ul class=\"wp-block-list\"><li><strong>Bureautique <\/strong><ul><li><a rel=\"noreferrer noopener\" href=\"https:\/\/fr.libreoffice.org\/download\/telecharger-libreoffice\/\" target=\"_blank\">LibreOffice<\/a>, alternative \u00e0 Microsoft Office pour la suite bureautique.<\/li><\/ul><\/li><\/ul>\n\n\n\n<ul class=\"wp-block-list\"><li><strong>D\u00e9veloppement<\/strong><ul><li><a href=\"https:\/\/www.autoitscript.com\/site\/autoit\/\" target=\"_blank\" rel=\"noreferrer noopener\">AutoIt<\/a>, est un langage de script freeware.<\/li><li><a rel=\"noreferrer noopener\" href=\"https:\/\/godotengine.org\/\" data-type=\"URL\" data-id=\"https:\/\/godotengine.org\/\" target=\"_blank\">Godot<\/a>, moteur de jeu gratuit et open-source.<\/li><\/ul><\/li><\/ul>\n\n\n\n<ul class=\"wp-block-list\"><li><strong>Graphisme<\/strong><ul><li><a href=\"https:\/\/www.gimp.org\/downloads\/\" target=\"_blank\" rel=\"noreferrer noopener\">GIMP<\/a>, alternative \u00e0 Photoshop.<\/li><li><a rel=\"noreferrer noopener\" href=\"https:\/\/www.blender.org\/\" target=\"_blank\">Blender<\/a>, le couteau suisse pour la 3D.<\/li><\/ul><\/li><\/ul>\n\n\n\n<ul class=\"wp-block-list\"><li><strong>Internet<\/strong><ul><li><a rel=\"noreferrer noopener\" href=\"https:\/\/filezilla-project.org\/\" target=\"_blank\">Filezilla<\/a>, client FTP.<\/li><\/ul><\/li><\/ul>\n\n\n\n<ul class=\"wp-block-list\"><li><strong>Multim\u00e9dia<\/strong><ul><li><a rel=\"noreferrer noopener\" href=\"https:\/\/www.audacityteam.org\/\" target=\"_blank\">Audacity<\/a>, tout pour le sons.<\/li><\/ul><\/li><\/ul>\n\n\n\n<ul class=\"wp-block-list\"><li><strong>Utilitaires<\/strong><ul><li><a href=\"https:\/\/dngrep.github.io\/\" target=\"_blank\" rel=\"noreferrer noopener\">dnGrep<\/a>, permet de rechercher dans des fichiers avec des r\u00e9sultats faciles \u00e0 lire.<\/li><li><a rel=\"noreferrer noopener\" href=\"https:\/\/www.ccleaner.com\/recuva\" data-type=\"URL\" data-id=\"https:\/\/www.ccleaner.com\/recuva\" target=\"_blank\">Recuva<\/a>, logiciel gratuit de restauration de donn\u00e9es<\/li><\/ul><\/li><\/ul>\n\n\n\n<div style=\"height:100px\" aria-hidden=\"true\" class=\"wp-block-spacer\"><\/div>\n\n\n\n<p><\/p>\n<!--CusAds0-->\n<div style=\"font-size: 0px; height: 0px; line-height: 0px; margin: 0; padding: 0; clear: both;\"><\/div>","protected":false},"excerpt":{"rendered":"<p>Voici une liste de programmes, qui m\u00e9rite leur attention. Orient\u00e9 open-source, au pire des cas en Freeware. Tri\u00e9e en fonction de leur domaine d&rsquo;application. Bureautique LibreOffice, alternative \u00e0 Microsoft Office pour la suite bureautique. D\u00e9veloppement AutoIt, est un langage de &hellip; <a href=\"https:\/\/www.multi-net.ch\/?page_id=469\">Continuer la lecture <span class=\"meta-nav\">&rarr;<\/span><\/a><\/p>\n","protected":false},"author":1,"featured_media":0,"parent":0,"menu_order":0,"comment_status":"closed","ping_status":"closed","template":"","meta":{"footnotes":""},"class_list":["post-469","page","type-page","status-publish","hentry"],"_links":{"self":[{"href":"https:\/\/www.multi-net.ch\/index.php?rest_route=\/wp\/v2\/pages\/469","targetHints":{"allow":["GET"]}}],"collection":[{"href":"https:\/\/www.multi-net.ch\/index.php?rest_route=\/wp\/v2\/pages"}],"about":[{"href":"https:\/\/www.multi-net.ch\/index.php?rest_route=\/wp\/v2\/types\/page"}],"author":[{"embeddable":true,"href":"https:\/\/www.multi-net.ch\/index.php?rest_route=\/wp\/v2\/users\/1"}],"replies":[{"embeddable":true,"href":"https:\/\/www.multi-net.ch\/index.php?rest_route=%2Fwp%2Fv2%2Fcomments&post=469"}],"version-history":[{"count":19,"href":"https:\/\/www.multi-net.ch\/index.php?rest_route=\/wp\/v2\/pages\/469\/revisions"}],"predecessor-version":[{"id":598,"href":"https:\/\/www.multi-net.ch\/index.php?rest_route=\/wp\/v2\/pages\/469\/revisions\/598"}],"wp:attachment":[{"href":"https:\/\/www.multi-net.ch\/index.php?rest_route=%2Fwp%2Fv2%2Fmedia&parent=469"}],"curies":[{"name":"wp","href":"https:\/\/api.w.org\/{rel}","templated":true}]}}