{"id":48,"date":"2011-08-17T18:54:07","date_gmt":"2011-08-17T18:54:07","guid":{"rendered":"http:\/\/www.multi-net.ch\/?page_id=48"},"modified":"2021-03-04T09:20:26","modified_gmt":"2021-03-04T08:20:26","slug":"ipconfigurator","status":"publish","type":"page","link":"https:\/\/www.multi-net.ch\/?page_id=48","title":{"rendered":"IPConfigurator"},"content":{"rendered":"<p>IPConfigurator est un petit utilitaire qui se loge dans la barre de t\u00e2che \u00e0 c\u00f4t\u00e9 de l&rsquo;heure.<\/p>\n<p>Il permet de changer rapidement sa configuration d&rsquo;adresse IP en 2 clics.<\/p>\n<p>&nbsp;<\/p>\n<p><a title=\"T\u00e9l\u00e9charger le programme\" href=\"http:\/\/multi-net.ch\/programme\/IPConfigurator%20v0.7\/Setup%20IPConfigurator%20v0.7.exe\">T\u00e9l\u00e9charger le programme<\/a><\/p>\n<p><a title=\"T\u00e9l\u00e9charger la source du programme\" href=\"http:\/\/multi-net.ch\/programme\/IPConfigurator%20v0.7\/IPConfigurator%20v0.7.au3\" target=\"_blank\" rel=\"noopener\">T\u00e9l\u00e9charger la source du programme<\/a><\/p>\n<!--CusAds0-->\n<div style=\"font-size: 0px; height: 0px; line-height: 0px; margin: 0; padding: 0; clear: both;\"><\/div>","protected":false},"excerpt":{"rendered":"<p>IPConfigurator est un petit utilitaire qui se loge dans la barre de t\u00e2che \u00e0 c\u00f4t\u00e9 de l&rsquo;heure. Il permet de changer rapidement sa configuration d&rsquo;adresse IP en 2 clics. &nbsp; T\u00e9l\u00e9charger le programme T\u00e9l\u00e9charger la source du programme<\/p>\n","protected":false},"author":1,"featured_media":0,"parent":0,"menu_order":0,"comment_status":"closed","ping_status":"open","template":"","meta":{"footnotes":""},"class_list":["post-48","page","type-page","status-publish","hentry"],"_links":{"self":[{"href":"https:\/\/www.multi-net.ch\/index.php?rest_route=\/wp\/v2\/pages\/48","targetHints":{"allow":["GET"]}}],"collection":[{"href":"https:\/\/www.multi-net.ch\/index.php?rest_route=\/wp\/v2\/pages"}],"about":[{"href":"https:\/\/www.multi-net.ch\/index.php?rest_route=\/wp\/v2\/types\/page"}],"author":[{"embeddable":true,"href":"https:\/\/www.multi-net.ch\/index.php?rest_route=\/wp\/v2\/users\/1"}],"replies":[{"embeddable":true,"href":"https:\/\/www.multi-net.ch\/index.php?rest_route=%2Fwp%2Fv2%2Fcomments&post=48"}],"version-history":[{"count":5,"href":"https:\/\/www.multi-net.ch\/index.php?rest_route=\/wp\/v2\/pages\/48\/revisions"}],"predecessor-version":[{"id":572,"href":"https:\/\/www.multi-net.ch\/index.php?rest_route=\/wp\/v2\/pages\/48\/revisions\/572"}],"wp:attachment":[{"href":"https:\/\/www.multi-net.ch\/index.php?rest_route=%2Fwp%2Fv2%2Fmedia&parent=48"}],"curies":[{"name":"wp","href":"https:\/\/api.w.org\/{rel}","templated":true}]}}