{"id":5,"date":"2011-08-17T12:50:53","date_gmt":"2011-08-17T12:50:53","guid":{"rendered":"http:\/\/www.multi-net.ch\/?page_id=5"},"modified":"2021-03-04T09:17:31","modified_gmt":"2021-03-04T08:17:31","slug":"test2","status":"publish","type":"page","link":"https:\/\/www.multi-net.ch\/?page_id=5","title":{"rendered":"D\u00e9panneur R\u00e9seau"},"content":{"rendered":"<p>Le programme D\u00e9panneur R\u00e9seau est un petit utilitaire qui permet de r\u00e9parer, et de diagnostiquer l&rsquo;\u00e9quipement qui cause la panne. En cas de probl\u00e8me le programme d\u00e9tecte le probl\u00e8me et si il le peut, le r\u00e9pare.<\/p>\n<p>&nbsp;<\/p>\n<p><a title=\"T\u00e9l\u00e9charger le programme\" href=\"http:\/\/multi-net.ch\/programme\/DepanneurReseaux\/Depanneur%20Reseaux%20v0.2.exe\" target=\"_blank\" rel=\"noopener\">T\u00e9l\u00e9charger le programme<\/a><\/p>\n<p><a title=\"T\u00e9l\u00e9charger la source du programme\" href=\"http:\/\/multi-net.ch\/programme\/DepanneurReseaux\/Depanneur%20Reseaux%20v0.2.au3\" target=\"_blank\" rel=\"noopener\">T\u00e9l\u00e9charger la source du programme<\/a><\/p>\n<p>&nbsp;<\/p>\n<p style=\"text-align: left;\">Capture d&rsquo;\u00e9cran du programme :<\/p>\n<p style=\"text-align: center;\"><a href=\"https:\/\/www.multi-net.ch\/wp-content\/uploads\/2011\/08\/depanneur-reseau.png\"><img loading=\"lazy\" decoding=\"async\" class=\"aligncenter size-full wp-image-32\" title=\"depanneur reseau\" src=\"https:\/\/www.multi-net.ch\/wp-content\/uploads\/2011\/08\/depanneur-reseau.png\" alt=\"\" width=\"373\" height=\"455\" srcset=\"https:\/\/www.multi-net.ch\/wp-content\/uploads\/2011\/08\/depanneur-reseau.png 373w, https:\/\/www.multi-net.ch\/wp-content\/uploads\/2011\/08\/depanneur-reseau-245x300.png 245w\" sizes=\"auto, (max-width: 373px) 100vw, 373px\" \/><\/a><\/p>\n<p>&nbsp;<\/p>\n<!--CusAds0-->\n<div style=\"font-size: 0px; height: 0px; line-height: 0px; margin: 0; padding: 0; clear: both;\"><\/div>","protected":false},"excerpt":{"rendered":"<p>Le programme D\u00e9panneur R\u00e9seau est un petit utilitaire qui permet de r\u00e9parer, et de diagnostiquer l&rsquo;\u00e9quipement qui cause la panne. En cas de probl\u00e8me le programme d\u00e9tecte le probl\u00e8me et si il le peut, le r\u00e9pare. &nbsp; T\u00e9l\u00e9charger le programme &hellip; <a href=\"https:\/\/www.multi-net.ch\/?page_id=5\">Continuer la lecture <span class=\"meta-nav\">&rarr;<\/span><\/a><\/p>\n","protected":false},"author":1,"featured_media":0,"parent":0,"menu_order":0,"comment_status":"closed","ping_status":"open","template":"","meta":{"footnotes":""},"class_list":["post-5","page","type-page","status-publish","hentry"],"_links":{"self":[{"href":"https:\/\/www.multi-net.ch\/index.php?rest_route=\/wp\/v2\/pages\/5","targetHints":{"allow":["GET"]}}],"collection":[{"href":"https:\/\/www.multi-net.ch\/index.php?rest_route=\/wp\/v2\/pages"}],"about":[{"href":"https:\/\/www.multi-net.ch\/index.php?rest_route=\/wp\/v2\/types\/page"}],"author":[{"embeddable":true,"href":"https:\/\/www.multi-net.ch\/index.php?rest_route=\/wp\/v2\/users\/1"}],"replies":[{"embeddable":true,"href":"https:\/\/www.multi-net.ch\/index.php?rest_route=%2Fwp%2Fv2%2Fcomments&post=5"}],"version-history":[{"count":19,"href":"https:\/\/www.multi-net.ch\/index.php?rest_route=\/wp\/v2\/pages\/5\/revisions"}],"predecessor-version":[{"id":570,"href":"https:\/\/www.multi-net.ch\/index.php?rest_route=\/wp\/v2\/pages\/5\/revisions\/570"}],"wp:attachment":[{"href":"https:\/\/www.multi-net.ch\/index.php?rest_route=%2Fwp%2Fv2%2Fmedia&parent=5"}],"curies":[{"name":"wp","href":"https:\/\/api.w.org\/{rel}","templated":true}]}}