{"id":589,"date":"2021-03-17T21:03:09","date_gmt":"2021-03-17T20:03:09","guid":{"rendered":"http:\/\/www.multi-net.ch\/?page_id=589"},"modified":"2021-03-17T21:03:09","modified_gmt":"2021-03-17T20:03:09","slug":"liste-de-logiciels-lie-a-la-securite-informatique","status":"publish","type":"page","link":"https:\/\/www.multi-net.ch\/?page_id=589","title":{"rendered":"Liste de logiciels li\u00e9 \u00e0 la s\u00e9curit\u00e9 informatique"},"content":{"rendered":"\n<p>Voici une liste de programmes, scripts, qui m\u00e9rite leur attention orient\u00e9 sur la s\u00e9curit\u00e9 informatique.<\/p>\n\n\n<p><a class=\"\" href=\"https:\/\/github.com\/HashPals\/Search-That-Hash\" data-pjax=\"#js-repo-pjax-container\">Search-That-Hash<\/a>, outil pour rechercher sur les sites populaires de cracking un ou plusieurs hash.<\/p>\n\n\n<p><\/p>\n<!--CusAds0-->\n<div style=\"font-size: 0px; height: 0px; line-height: 0px; margin: 0; padding: 0; clear: both;\"><\/div>","protected":false},"excerpt":{"rendered":"<p>Voici une liste de programmes, scripts, qui m\u00e9rite leur attention orient\u00e9 sur la s\u00e9curit\u00e9 informatique. Search-That-Hash, outil pour rechercher sur les sites populaires de cracking un ou plusieurs hash.<\/p>\n","protected":false},"author":1,"featured_media":0,"parent":0,"menu_order":0,"comment_status":"closed","ping_status":"closed","template":"","meta":{"footnotes":""},"class_list":["post-589","page","type-page","status-publish","hentry"],"_links":{"self":[{"href":"https:\/\/www.multi-net.ch\/index.php?rest_route=\/wp\/v2\/pages\/589","targetHints":{"allow":["GET"]}}],"collection":[{"href":"https:\/\/www.multi-net.ch\/index.php?rest_route=\/wp\/v2\/pages"}],"about":[{"href":"https:\/\/www.multi-net.ch\/index.php?rest_route=\/wp\/v2\/types\/page"}],"author":[{"embeddable":true,"href":"https:\/\/www.multi-net.ch\/index.php?rest_route=\/wp\/v2\/users\/1"}],"replies":[{"embeddable":true,"href":"https:\/\/www.multi-net.ch\/index.php?rest_route=%2Fwp%2Fv2%2Fcomments&post=589"}],"version-history":[{"count":1,"href":"https:\/\/www.multi-net.ch\/index.php?rest_route=\/wp\/v2\/pages\/589\/revisions"}],"predecessor-version":[{"id":592,"href":"https:\/\/www.multi-net.ch\/index.php?rest_route=\/wp\/v2\/pages\/589\/revisions\/592"}],"wp:attachment":[{"href":"https:\/\/www.multi-net.ch\/index.php?rest_route=%2Fwp%2Fv2%2Fmedia&parent=589"}],"curies":[{"name":"wp","href":"https:\/\/api.w.org\/{rel}","templated":true}]}}