{"id":61,"date":"2011-08-18T10:39:49","date_gmt":"2011-08-18T08:39:49","guid":{"rendered":"http:\/\/www.multi-net.ch\/?page_id=61"},"modified":"2021-03-04T09:00:21","modified_gmt":"2021-03-04T08:00:21","slug":"prolongation-port-com-via-le-reseau-ethernet","status":"publish","type":"page","link":"https:\/\/www.multi-net.ch\/?page_id=61","title":{"rendered":"Prolongation port COM via le r\u00e9seau Ethernet"},"content":{"rendered":"<p>Voici un tutoriel expliquant comment pouvoir contr\u00f4ler a distance \u00e0 une imprimante Markem SmartDate qui dispose d&rsquo;un port COM.<\/p>\n<p>Le but \u00e9tait donc de prolonger la distance du port COM via le r\u00e9seau Ethernet, afin de r\u00e9aliser ce projet, voici le mat\u00e9riel utilis\u00e9 :<\/p>\n<ul>\n<li>2x\u00a0<a href=\"http:\/\/www.moxa.com\/product\/nport_5110.htm\" target=\"_blank\" rel=\"noopener\">Moxa NPort 5110\u00a0<\/a>pour un prix de 129 CHF pi\u00e8ce.<\/li>\n<\/ul>\n<p><span style=\"text-decoration: underline;\"><strong>Total :\u00a0258 CHF<\/strong><\/span><\/p>\n<p>Les deux appareils sont branch\u00e9s suivant le sch\u00e9ma suivant :<\/p>\n<p style=\"text-align: center;\"><img loading=\"lazy\" decoding=\"async\" class=\"size-full wp-image-63 aligncenter\" title=\"schema\" src=\"https:\/\/www.multi-net.ch\/wp-content\/uploads\/2011\/08\/schema.png\" alt=\"\" width=\"595\" height=\"202\" srcset=\"https:\/\/www.multi-net.ch\/wp-content\/uploads\/2011\/08\/schema.png 595w, https:\/\/www.multi-net.ch\/wp-content\/uploads\/2011\/08\/schema-300x101.png 300w, https:\/\/www.multi-net.ch\/wp-content\/uploads\/2011\/08\/schema-500x169.png 500w\" sizes=\"auto, (max-width: 595px) 100vw, 595px\" \/><\/p>\n<p>La configuration, f\u00fbt assez simple j&rsquo;ai d&rsquo;abord branch\u00e9 avec un c\u00e2ble crois\u00e9 un appareil apr\u00e8s l&rsquo;autre sur mon ordinateur afin de leur attribuer une IP de mon choix, dans l&rsquo;exemple 192.168.1.2, puis 192.168.1.1.<\/p>\n<p>Une fois que les appareils joignables sur le r\u00e9seau, il faut choisir un mode de fonctionnement, pour prolonger le port COM il faut choisir le mode \u00ab\u00a0Pair Connection Slave Mod\u00a0\u00bb pour l&rsquo;appareil qui est connect\u00e9 \u00e0 l&rsquo;imprimante et \u00ab\u00a0Pair Connection Master Mod\u00a0\u00bb pour l&rsquo;appareil qui est connect\u00e9 \u00e0 l&rsquo;ordinateur comme sur cette image ci-dessous :<\/p>\n<p><a href=\"https:\/\/www.multi-net.ch\/wp-content\/uploads\/2011\/08\/pair_connection_master_mode.png\"><img loading=\"lazy\" decoding=\"async\" class=\"alignleft size-full wp-image-69\" title=\"pair_connection_master_mode\" src=\"https:\/\/www.multi-net.ch\/wp-content\/uploads\/2011\/08\/pair_connection_master_mode.png\" alt=\"\" width=\"860\" height=\"331\" srcset=\"https:\/\/www.multi-net.ch\/wp-content\/uploads\/2011\/08\/pair_connection_master_mode.png 860w, https:\/\/www.multi-net.ch\/wp-content\/uploads\/2011\/08\/pair_connection_master_mode-300x115.png 300w, https:\/\/www.multi-net.ch\/wp-content\/uploads\/2011\/08\/pair_connection_master_mode-500x192.png 500w\" sizes=\"auto, (max-width: 860px) 100vw, 860px\" \/><\/a><\/p>\n<p>Dans le champ \u00ab\u00a0Destination IP address : Port\u00a0\u00bb il faut ins\u00e9rer l&rsquo;adresse IP de l&rsquo;autre appareil, donc 192.168.1.2 sans changer le port.<\/p>\n<p>Voil\u00e0 les deux appareils communique sans probl\u00e8me, j&rsquo;ai \u00e9t\u00e9 \u00e9tonn\u00e9 par la simplicit\u00e9 de configuration et la qualit\u00e9 de cet appareil qui n&rsquo;est pas cher par rapport aux possibilit\u00e9s de configuration qu&rsquo;il apporte.<\/p>\n<!--CusAds0-->\n<div style=\"font-size: 0px; height: 0px; line-height: 0px; margin: 0; padding: 0; clear: both;\"><\/div>","protected":false},"excerpt":{"rendered":"<p>Voici un tutoriel expliquant comment pouvoir contr\u00f4ler a distance \u00e0 une imprimante Markem SmartDate qui dispose d&rsquo;un port COM. Le but \u00e9tait donc de prolonger la distance du port COM via le r\u00e9seau Ethernet, afin de r\u00e9aliser ce projet, voici &hellip; <a href=\"https:\/\/www.multi-net.ch\/?page_id=61\">Continuer la lecture <span class=\"meta-nav\">&rarr;<\/span><\/a><\/p>\n","protected":false},"author":1,"featured_media":0,"parent":0,"menu_order":0,"comment_status":"closed","ping_status":"open","template":"","meta":{"footnotes":""},"class_list":["post-61","page","type-page","status-publish","hentry"],"_links":{"self":[{"href":"https:\/\/www.multi-net.ch\/index.php?rest_route=\/wp\/v2\/pages\/61","targetHints":{"allow":["GET"]}}],"collection":[{"href":"https:\/\/www.multi-net.ch\/index.php?rest_route=\/wp\/v2\/pages"}],"about":[{"href":"https:\/\/www.multi-net.ch\/index.php?rest_route=\/wp\/v2\/types\/page"}],"author":[{"embeddable":true,"href":"https:\/\/www.multi-net.ch\/index.php?rest_route=\/wp\/v2\/users\/1"}],"replies":[{"embeddable":true,"href":"https:\/\/www.multi-net.ch\/index.php?rest_route=%2Fwp%2Fv2%2Fcomments&post=61"}],"version-history":[{"count":12,"href":"https:\/\/www.multi-net.ch\/index.php?rest_route=\/wp\/v2\/pages\/61\/revisions"}],"predecessor-version":[{"id":567,"href":"https:\/\/www.multi-net.ch\/index.php?rest_route=\/wp\/v2\/pages\/61\/revisions\/567"}],"wp:attachment":[{"href":"https:\/\/www.multi-net.ch\/index.php?rest_route=%2Fwp%2Fv2%2Fmedia&parent=61"}],"curies":[{"name":"wp","href":"https:\/\/api.w.org\/{rel}","templated":true}]}}